{"id":220,"date":"2024-02-21T17:43:49","date_gmt":"2024-02-21T16:43:49","guid":{"rendered":"https:\/\/blog.focusing-reise.de\/?page_id=220"},"modified":"2024-05-22T18:04:54","modified_gmt":"2024-05-22T16:04:54","slug":"ueber-mich","status":"publish","type":"page","link":"https:\/\/blog.focusing-reise.de\/?page_id=220","title":{"rendered":"\u00dcber mich"},"content":{"rendered":"\n<figure class=\"wp-block-image size-full is-resized\"><img loading=\"lazy\" decoding=\"async\" src=\"https:\/\/blog.focusing-reise.de\/wp-content\/uploads\/2024\/02\/Julia_210224.jpg\" alt=\"Ein Foto von mir\" class=\"wp-image-222\" width=\"643\" height=\"446\"\/><figcaption>So sehen mich meine Focusing-Partner(innen) und Kursteilnehmer(innen)<\/figcaption><\/figure>\n\n\n\n<p>Hallo Du!<\/p>\n\n\n\n<p>Eigentlich w\u00fcrde ich ja sagen, dass es mich freut, Dich kennenzulernen, doch erst einmal bist Du ja hier, um mich kennenzulernen.<\/p>\n\n\n\n<p>Mal sehen, was gibt es \u00fcber mich zu sagen&#8230; ich hei\u00dfe Julia Richling, bin von <a rel=\"noreferrer noopener\" href=\"https:\/\/focusingresources.com\" data-type=\"URL\" data-id=\"https:\/\/focusingresources.com\" target=\"_blank\">Focusing Resources<\/a> ausgebildete und vom <a href=\"https:\/\/focusing.org\" data-type=\"URL\" data-id=\"https:\/\/focusing.org\" target=\"_blank\" rel=\"noreferrer noopener\">International Focusing Institute<\/a> zertifizierte  Focusing-Trainerin (in wenigen und lebe mit meinem Mann und meinen beiden Kindern in einem an einem Flusshang gelegenen Dorf in NRW.<\/p>\n\n\n\n<p>Wie es kam, dass ich vor drei Jahren Inner Relationship Focusing kennengelernt habe, erz\u00e4hle ich Dir, so Du magst, wenn wir uns mal pers\u00f6nlich treffen. Was ich jetzt schon mit Dir teilen kann, ist, wie unsagbar froh ich noch immer dar\u00fcber bin, dass es nun ein Teil meines Lebens ist.<\/p>\n\n\n\n<p>Als jemand, die, wie so viele, im Laufe der Jahre so einiges erlebt hat, das tiefe und schmerzhafte Spuren hinterlassen hat, welche sich nach und nach als Depression, Soziale Phobie und langanhaltende Schlafst\u00f6rungen bemerkbar machten, bin ich sehr dankbar daf\u00fcr, dank Focusing die M\u00f6glichkeit zu haben, mich dem, was dahinter steht, zuwenden zu k\u00f6nnen und langsam zu sp\u00fcren, wie ich&#8230; zunehmend innerlich heiler werde. <\/p>\n\n\n\n<p>Durch Focusing habe ich so viele wunderbare Menschen kennengelernt und mittlerweile kenne ich \u00fcber zwanzig Personen, die mir das Vertrauen geben, nie mehr alleine durch schwere Zeiten durch zu m\u00fcssen. Gleichzeitig sp\u00fcre ich, wie ich innerlich unabh\u00e4ngiger von den Meinungen anderer werde. Anstatt meine Antennen haupts\u00e4chlich danach auszurichten, was andere gerade brauchen, nehme ich zunehmend wahr, wie es mir gerade geht und gerade meine Bed\u00fcrfnisse sind. Ich nehme mich selbst jetzt auch ernster las fr\u00fcher, wage es, meinen eigenen Weg zu gehen und das tut mir so gut.<\/p>\n\n\n\n<p>Nat\u00fcrlich ist es kein Selbstl\u00e4ufer. So wie Kinder darunter leiden, wenn man sie lange ignoriert, und sie einem dass durch ihr Verhalten zeigen, merke ich, wie meine innere Unruhe anw\u00e4chst und die alten Strategien \u00fcberhand nehmen, wenn ich das \u00dcben &#8218;vergessen&#8216;, weil ich &#8218;keine Zeit daf\u00fcr habe&#8216;. Doch sobald ich dies merke und mich dem zuwende, sp\u00fcre ich, wie bereits dies schon etwas ver\u00e4ndert.<\/p>\n\n\n\n<p>Es g\u00e4be noch so vieles dar\u00fcber zu sagen, wie Focusing mein Leben bereichert, doch am liebsten w\u00e4re es mir, wenn es m\u00f6glichst viele Menschen selbst erfahren. Deswegen ist es mein Wunsch und meine Passion, das, was ich gelernt habe, an andere weiterzugeben.<\/p>\n\n\n\n<p>Soweit vielleicht erstmal von mir. Falls Du irgendwelche Fragen hast, lass es mich gerne wissen. Und f\u00fcr den Fall, dass Du hier bist, weil es Dich interessiert, welche Ausbildungen ich mitbringe, gebe ich Dir jetzt noch eine kleine \u00dcbersicht:<\/p>\n\n\n\n<ul class=\"wp-block-list\"><li>1979: geboren in Lahr (Schwarzwald)<\/li><li>2000: Abitur in Stuttgart<\/li><li>2008: Magister Artium in Germanistischer Linguistik und Informatik (Humboldt-Universit\u00e4t zu Berlin)<\/li><li>danach wissenschaftliche Mitarbeiterin am Zentrum f\u00fcr Allgemeine Sprachwissenschaft und der Humboldt-Universit\u00e4t<\/li><li>2013, 2015 und 2016 Geburt meiner Kinder (das zweite wurde ein Sternenkind)<\/li><li>2019 Beginn meiner Ausbildung bei der Telefonseelsorge<\/li><li>2020 Abbruch der Ausbildung aufgrund coronabedingter Umst\u00e4nde<\/li><li>2020 Ausbildung zur Psychologischen Beraterin an der Isolde-Richter-Heilpraktikerschule<\/li><li>2021 Grundkurs in Systemischer Beratung an der Isolde-Richter-Heilpraktikerschule<\/li><li>2021 Focusing-Workshop bei <a rel=\"noreferrer noopener\" href=\"https:\/\/www.focusing-center.com\" data-type=\"URL\" data-id=\"https:\/\/www.focusing-center.com\" target=\"_blank\">Elmar Kruithoff<\/a><\/li><li>2021 Weiterbildung zur Trauerbegleiterin an der Isolde-Richter-Heilpraktikerschule<\/li><li>2022 komplette Focusing-Grundausbildung bei Arno Katz<\/li><li>2022 Beginn meiner <a rel=\"noreferrer noopener\" href=\"https:\/\/focusingresources.com\/learning\/focusing-resources-certification-as-an-inner-relationship-focusing-professional\/\" data-type=\"URL\" target=\"_blank\">Trainer-Zertifizierung bei Ann Weiser Cornell \/ Focusing Resources<\/a><\/li><li>2024 Abschluss meiner Zertifizierung zur Focusing-Trainerin<\/li><\/ul>\n\n\n\n<p>Nun bist Du auf dem aktuellen Stand bei mir.:)<\/p>\n\n\n\n<p>Viele liebe Gr\u00fc\u00dfe,<\/p>\n\n\n\n<p>Julia Richling<\/p>\n","protected":false},"excerpt":{"rendered":"<p>Hallo Du! Eigentlich w\u00fcrde ich ja sagen, dass es mich freut, Dich kennenzulernen, doch erst einmal bist Du ja hier, um mich kennenzulernen. Mal sehen, was gibt es \u00fcber mich zu sagen&#8230; ich hei\u00dfe Julia Richling, bin von Focusing Resources ausgebildete und vom International Focusing Institute zertifizierte Focusing-Trainerin (in wenigen und lebe mit meinem Mann [&hellip;]<\/p>\n","protected":false},"author":1,"featured_media":0,"parent":0,"menu_order":0,"comment_status":"closed","ping_status":"closed","template":"","meta":{"footnotes":""},"class_list":["post-220","page","type-page","status-publish","hentry"],"_links":{"self":[{"href":"https:\/\/blog.focusing-reise.de\/index.php?rest_route=\/wp\/v2\/pages\/220","targetHints":{"allow":["GET"]}}],"collection":[{"href":"https:\/\/blog.focusing-reise.de\/index.php?rest_route=\/wp\/v2\/pages"}],"about":[{"href":"https:\/\/blog.focusing-reise.de\/index.php?rest_route=\/wp\/v2\/types\/page"}],"author":[{"embeddable":true,"href":"https:\/\/blog.focusing-reise.de\/index.php?rest_route=\/wp\/v2\/users\/1"}],"replies":[{"embeddable":true,"href":"https:\/\/blog.focusing-reise.de\/index.php?rest_route=%2Fwp%2Fv2%2Fcomments&post=220"}],"version-history":[{"count":8,"href":"https:\/\/blog.focusing-reise.de\/index.php?rest_route=\/wp\/v2\/pages\/220\/revisions"}],"predecessor-version":[{"id":300,"href":"https:\/\/blog.focusing-reise.de\/index.php?rest_route=\/wp\/v2\/pages\/220\/revisions\/300"}],"wp:attachment":[{"href":"https:\/\/blog.focusing-reise.de\/index.php?rest_route=%2Fwp%2Fv2%2Fmedia&parent=220"}],"curies":[{"name":"wp","href":"https:\/\/api.w.org\/{rel}","templated":true}]}}