{"id":234,"date":"2024-02-22T04:45:11","date_gmt":"2024-02-22T03:45:11","guid":{"rendered":"https:\/\/blog.focusing-reise.de\/?page_id=234"},"modified":"2024-08-30T09:21:59","modified_gmt":"2024-08-30T07:21:59","slug":"feedback","status":"publish","type":"page","link":"https:\/\/blog.focusing-reise.de\/?page_id=234","title":{"rendered":"Feedback"},"content":{"rendered":"\n<p>Ich freue mich immer, R\u00fcckmeldungen von anderen zu bekommen. Hier ist eine Auswahl von dem, was andere zu mir und meiner Arbeit geschrieben haben:<\/p>\n\n\n\n<p>&#8222;Julia Richling ist eine \u00e4u\u00dferst feinf\u00fchlige und kompetente Focusing-Begleiterin. Mit viel Engagement unterst\u00fctzt sie menschliche Entwickungsprozesse und setzt dabei sowohl ihr gro\u00dfes Fachwissen als auch ihre sehr ausgepr\u00e4gte Empathie ein. Die Zusammenarbeit mit ihr macht Spa\u00df und ist sehr bereichernd.&#8220; (<em><a href=\"https:\/\/www.focusing.me\" data-type=\"URL\" data-id=\"https:\/\/www.focusing.me\" target=\"_blank\" rel=\"noreferrer noopener\">Arno Katz<\/a><\/em>)<\/p>\n\n\n\n<p>&#8222;Julia Richling is a skilled and compassionate guide, dedicated to finding the just-right way to best support each of her clients and students. You will find her a true ally in your Focusing journey.&#8220; (<em><a rel=\"noreferrer noopener\" href=\"https:\/\/focusingresources.com\" data-type=\"URL\" data-id=\"https:\/\/focusingresources.com\" target=\"_blank\">Ann Weiser Cornell<\/a><\/em>)<\/p>\n\n\n\n<p>&#8222;Ich f\u00fchle gro\u00dfe Dankbarkeit daf\u00fcr, eine solch kompetente Vermittlerin von Inner Relationship Focusing wie Julia \u00fcber eine Empfehlung gefunden zu haben und habe enorm viel Heilsames bereits innerhalb des ersten Kurses bei ihr lernen d\u00fcrfen. Julia verf\u00fcgt f\u00fcr mein Empfinden \u00fcber die wundervolle Gabe, eigene Authentizit\u00e4t und gro\u00dfe Klarheit mit einer hohen Empathief\u00e4higkeit zu vereinen und komplexe Zusammenh\u00e4nge mit anschaulichen Beispielen aus dem Alltag auf einfache Weise verst\u00e4ndlich und lebendig erfahrbar zu machen.<\/p>\n\n\n\n<p>F\u00fcr mich ist sp\u00fcrbar, dass sie nicht nur Wissen vermittelt, sondern das, was sie unterrichtet, im Alltag selber lebt \u2013 und zwar aufrichtig mit allen H\u00f6hen und Tiefen, was es f\u00fcr mich um so sympathischer und menschlicher macht. Als sehr kostbar und hilfreich empfinde ich es, dass sie bei Nachfragen auf eine Vielzahl an Ideen zum Vorgehen mit Inner Relationship Focusing in speziellen Alltagssituationen zur\u00fcckgreifen kann, was bei mir ganz neue Blickwinkel er\u00f6ffnet hat und wodurch ich dann selber ganz neue, aber viel stimmigere Wege erkennen und Schritte machen konnte.<\/p>\n\n\n\n<p>Ich habe ihre Art, Inner Relationship Focusing mit gro\u00dfer Freude und Achtsamkeit zu vermitteln und mir den Zugang dazu behutsam zu erschlie\u00dfen, auch als ein Ehren dieser gro\u00dfartigen Methode erlebt, die Ann Weiser Cornell mit Barbara McGavin so wunderbar aus Gene Gendlins Vorgehensweise weiterentwickelt und verfeinert hat. Ich empfinde seit dem Kursunterricht bei Julia meinen weiteren Lebensweg mit all seinen H\u00f6hen und Tiefen nicht nur als bereichert, sondern \u00fcberraschenderweise weit mehr geebnet, als ich es mir jemals h\u00e4tte ertr\u00e4umen k\u00f6nnen. Ich kann Inner Relationship Focusing bei Julia wirklich von Herzen w\u00e4rmstens empfehlen.&#8220; <em>(Andrea &#8211; Kursteilnehmerin)<\/em><\/p>\n\n\n\n<p>&#8222;Liebe Julia,<br>danke f\u00fcr das Webinar. Ich habe viel f\u00fcr mich Hilfreiches daraus mitgenommen und die Geheimnisse des inneren Kritikers sind noch mal richtig erleichternd in meiner aktuellen Situation.<br>Total klasse fand ich Deine vielen konkreten Beispiele. Ich kann es dann ganz anders (be)greifen&#8220; <em>(eine Webinar-Teilnehmerin)<\/em><\/p>\n\n\n\n<p>&#8222;Julia lernte ich als Assistentin im Grundkurs &#8218;Focusing online lernen&#8216; bei Arno Katz kennen. Arno lehrt ausgezeichnet Inner Relationship Focusing seit Jahren und ich sch\u00e4tze ihn von Herzen. Das Zusammentreffen war ein Gl\u00fccksfall, denn leider konnte ich zu Arnos Terminen nicht mehr bei ihm teilnehmen.<br><br>Mir fiel ihre offene, empathische und achtsame Haltung auf. Als ich dann mit ihr \u00fcben durfte \u201efunkte\u201c es sofort! Mein ganzes Wesen \u2013 alle inneren sog. Anteile sagten und sagen JA! Und \u201ewir\u201c freuen uns jedes mal auf die Begleitung mit Julia. Ich bin besonders beeindruckt von ihrer F\u00e4higkeit, sich durch sorgsame Fragen, in das, was konfus, \u00e4ngstlich, w\u00fctend oder auch nur andeutungsweise in mir aufsteigt, einzuf\u00fchlen und mir zarte Impulse anzubieten, aus denen heraus es mir oft gelingt, einen kleinen Schritt weiterzugehen. Ihre Geduld ist unbeschreiblich und das ist so hilfreich und kr\u00e4ftigend, denn wie oft verzweifen wir an &#8222;uns selbst&#8220;. Ich komme mit ihrer sanften Art so gut zurecht, dass ich mich dazu entschloss, meinen Weg, ob in Form von pers\u00f6nlicher Begleitung als auch der weiteren Fortbildung in Focusing mit ihr fortzusetzen.<br><br>Ich freue mich auf jede Stunde mit Dir! Herzlichen Dank liebe Julia!&#8220; (<em>eine Kursteilnehmerin und \u00dcbungsklientin<\/em>)<\/p>\n\n\n\n<p>&#8222;Vielen Dank Frau Richling, f\u00fcr diese tolle Erfahrung in der Selbstwahrnehmung. Mit ihrer einf\u00fchlsamen und angenehmen Stimme konnte ich in der Arbeit mit Ihnen ein belastendes Thema sehr gut abarbeiten. Allein das mentale Arbeiten war schon so wertvoll &#8211; dass sich damit aber auch meine Nackenschmerzen direkt aufl\u00f6sten war wunderbar. Eine Erleichterung f\u00fcr Geist und K\u00f6rper stellte sich ein &#8211; ich kann Sie und diese Methode wirklich empfehlen. Dankesch\u00f6n!&#8220; (<em>Sabine S., eine \u00dcbungsklientin<\/em>)<\/p>\n","protected":false},"excerpt":{"rendered":"<p>Ich freue mich immer, R\u00fcckmeldungen von anderen zu bekommen. Hier ist eine Auswahl von dem, was andere zu mir und meiner Arbeit geschrieben haben: &#8222;Julia Richling ist eine \u00e4u\u00dferst feinf\u00fchlige und kompetente Focusing-Begleiterin. Mit viel Engagement unterst\u00fctzt sie menschliche Entwickungsprozesse und setzt dabei sowohl ihr gro\u00dfes Fachwissen als auch ihre sehr ausgepr\u00e4gte Empathie ein. Die [&hellip;]<\/p>\n","protected":false},"author":1,"featured_media":0,"parent":0,"menu_order":0,"comment_status":"closed","ping_status":"closed","template":"","meta":{"footnotes":""},"class_list":["post-234","page","type-page","status-publish","hentry"],"_links":{"self":[{"href":"https:\/\/blog.focusing-reise.de\/index.php?rest_route=\/wp\/v2\/pages\/234","targetHints":{"allow":["GET"]}}],"collection":[{"href":"https:\/\/blog.focusing-reise.de\/index.php?rest_route=\/wp\/v2\/pages"}],"about":[{"href":"https:\/\/blog.focusing-reise.de\/index.php?rest_route=\/wp\/v2\/types\/page"}],"author":[{"embeddable":true,"href":"https:\/\/blog.focusing-reise.de\/index.php?rest_route=\/wp\/v2\/users\/1"}],"replies":[{"embeddable":true,"href":"https:\/\/blog.focusing-reise.de\/index.php?rest_route=%2Fwp%2Fv2%2Fcomments&post=234"}],"version-history":[{"count":3,"href":"https:\/\/blog.focusing-reise.de\/index.php?rest_route=\/wp\/v2\/pages\/234\/revisions"}],"predecessor-version":[{"id":316,"href":"https:\/\/blog.focusing-reise.de\/index.php?rest_route=\/wp\/v2\/pages\/234\/revisions\/316"}],"wp:attachment":[{"href":"https:\/\/blog.focusing-reise.de\/index.php?rest_route=%2Fwp%2Fv2%2Fmedia&parent=234"}],"curies":[{"name":"wp","href":"https:\/\/api.w.org\/{rel}","templated":true}]}}