{"id":302,"date":"2024-05-23T12:46:40","date_gmt":"2024-05-23T10:46:40","guid":{"rendered":"https:\/\/blog.focusing-reise.de\/?page_id=302"},"modified":"2025-03-28T10:41:54","modified_gmt":"2025-03-28T09:41:54","slug":"dein-individueller-weg-persoenliches-focusing-einzeltraining","status":"publish","type":"page","link":"https:\/\/blog.focusing-reise.de\/?page_id=302","title":{"rendered":"Dein individueller Weg &#8211; pers\u00f6nliches Focusing-Einzeltraining"},"content":{"rendered":"\n<p>Herzlich willkommen!<\/p>\n\n\n\n<p>Du bist hier, weil du etwas in Deinem Leben \u00e4ndern m\u00f6chtest.  Vielleicht&#8230;<\/p>\n\n\n\n<ul class=\"wp-block-list\">\n<li>gibt es da diese eine Sache, die Du schon lange tun willst und immer wieder aufschiebst.<\/li>\n\n\n\n<li>ist da etwas, das dich nervt. Eine Gewohnheit, die du gerne ablegen m\u00f6chtest und die immer wieder wie ein Bumerang zur\u00fcck kehrt. <\/li>\n\n\n\n<li>gibt es eine oder mehrere Beziehungen in deinem Leben, die du als schwierig empfindest und die dich belasten.<\/li>\n\n\n\n<li>stehst du gerade vor einer schwierigen Entscheidung und w\u00fcnschst dir mehr Klarheit \u00fcber das, was du willst.<\/li>\n\n\n\n<li>m\u00f6chtest du generell lernen, dich selbst, deine Grenzen und Bed\u00fcrfnisse besser wahrzunehmen und belastende Erlebnisse zu verarbeiten.<\/li>\n<\/ul>\n\n\n\n<p>Zudem bist du psychisch stabil und kommst allgemein im Alltag gut zurecht. Es gibt um nichts Existensbedrohliches.<\/p>\n\n\n\n<p>Als zertifizierte Focusing-Trainerin kann ich Dir zeigen, wie Du mit Hilfe von Inner-Relationship-Focusing in Kontakt mit Dir selbst und Deinem Thema kommst und das, was erh\u00e4rtet und festgefahren scheint, wieder  ins Flie\u00dfen bringst. In gef\u00fchrten Sitzungen leite ich dich im Prozess an und gebe ihm einen sicheren Rahmen.<\/p>\n\n\n\n<p>Zus\u00e4tzlich dazu teile ich mein Skript <strong>&#8222;Einf\u00fchrung in die Focusing-orientierte Beziehungsarbeit&#8220;<\/strong> mit Dir und unterst\u00fctze Dich auf Wunsch dabei, die Prozesse zunehmen selbstst\u00e4ndig durchzuf\u00fchren.<\/p>\n\n\n\n<p>Die Sitzungen finden wahlweise per <strong>Zoom<\/strong> oder <strong>telefonisch<\/strong> statt.<\/p>\n\n\n\n<p><strong>Kosten<\/strong><\/p>\n\n\n\n<p><a href=\"https:\/\/docs.google.com\/forms\/d\/e\/1FAIpQLSdeqSkxaS-7bJr72wtavgV735eYjwbWMZhSmLmen4JkIJG3gA\/viewform?usp=sf_link\" data-type=\"URL\" data-id=\"https:\/\/docs.google.com\/forms\/d\/e\/1FAIpQLSdeqSkxaS-7bJr72wtavgV735eYjwbWMZhSmLmen4JkIJG3gA\/viewform?usp=sf_link\" target=\"_blank\" rel=\"noreferrer noopener\">Erstgespr\u00e4ch zum gegenseitigen Kennenlernen<\/a> (auf Wunsch, Dauer: ca. 30 Minuten): <strong>kostenlos<\/strong><\/p>\n\n\n\n<p>Angeleitete Schnupper-Sitzung (bis zu 50 Minuten): <strong>20 Euro<\/strong><\/p>\n\n\n\n<p>Jedes weitere Sitzung (bis zu 50 Minuten):<strong> 80\/50\/20 Euro<\/strong> <br><em>(Du kannst den Betrag selbst entsprechend Deiner finanziellen Situation ausw\u00e4hlen)<\/em><\/p>\n\n\n\n<p>Das klingt f\u00fcr Dich interessant? Dann schreibe mir gerne an <strong>julia(at)richling(punkt)de<\/strong> oder klicke hier, um das Google-Dokument auszuf\u00fcllen:<\/p>\n\n\n\n<div class=\"wp-block-buttons is-horizontal is-content-justification-center is-layout-flex wp-container-core-buttons-is-layout-499968f5 wp-block-buttons-is-layout-flex\">\n<div class=\"wp-block-button\"><a class=\"wp-block-button__link wp-element-button\" href=\"https:\/\/docs.google.com\/forms\/d\/e\/1FAIpQLSdeqSkxaS-7bJr72wtavgV735eYjwbWMZhSmLmen4JkIJG3gA\/viewform?usp=sf_link\" target=\"_blank\" rel=\"noreferrer noopener\">Termin f\u00fcr Kennenlerngespr\u00e4ch ausw\u00e4hlen<\/a><\/div>\n<\/div>\n\n\n\n<p>Ich freue mich auf Deine Nachricht!<\/p>\n\n\n\n<p>Liebe Gr\u00fc\u00dfe,<\/p>\n\n\n\n<p>Julia<\/p>\n","protected":false},"excerpt":{"rendered":"<p>Herzlich willkommen! Du bist hier, weil du etwas in Deinem Leben \u00e4ndern m\u00f6chtest. Vielleicht&#8230; Zudem bist du psychisch stabil und kommst allgemein im Alltag gut zurecht. Es gibt um nichts Existensbedrohliches. Als zertifizierte Focusing-Trainerin kann ich Dir zeigen, wie Du mit Hilfe von Inner-Relationship-Focusing in Kontakt mit Dir selbst und Deinem Thema kommst und das, [&hellip;]<\/p>\n","protected":false},"author":1,"featured_media":0,"parent":0,"menu_order":0,"comment_status":"closed","ping_status":"closed","template":"","meta":{"footnotes":""},"class_list":["post-302","page","type-page","status-publish","hentry"],"_links":{"self":[{"href":"https:\/\/blog.focusing-reise.de\/index.php?rest_route=\/wp\/v2\/pages\/302","targetHints":{"allow":["GET"]}}],"collection":[{"href":"https:\/\/blog.focusing-reise.de\/index.php?rest_route=\/wp\/v2\/pages"}],"about":[{"href":"https:\/\/blog.focusing-reise.de\/index.php?rest_route=\/wp\/v2\/types\/page"}],"author":[{"embeddable":true,"href":"https:\/\/blog.focusing-reise.de\/index.php?rest_route=\/wp\/v2\/users\/1"}],"replies":[{"embeddable":true,"href":"https:\/\/blog.focusing-reise.de\/index.php?rest_route=%2Fwp%2Fv2%2Fcomments&post=302"}],"version-history":[{"count":8,"href":"https:\/\/blog.focusing-reise.de\/index.php?rest_route=\/wp\/v2\/pages\/302\/revisions"}],"predecessor-version":[{"id":339,"href":"https:\/\/blog.focusing-reise.de\/index.php?rest_route=\/wp\/v2\/pages\/302\/revisions\/339"}],"wp:attachment":[{"href":"https:\/\/blog.focusing-reise.de\/index.php?rest_route=%2Fwp%2Fv2%2Fmedia&parent=302"}],"curies":[{"name":"wp","href":"https:\/\/api.w.org\/{rel}","templated":true}]}}